{"id":786,"date":"2019-02-02T12:06:26","date_gmt":"2019-02-02T11:06:26","guid":{"rendered":"https:\/\/abacaitaly.it\/contactos\/"},"modified":"2019-02-09T11:58:34","modified_gmt":"2019-02-09T10:58:34","slug":"contactos","status":"publish","type":"page","link":"https:\/\/abacaitaly.it\/es\/contactos\/","title":{"rendered":"Contactos"},"content":{"rendered":"[vc_row][vc_column][vc_empty_space][vc_empty_space][vc_custom_heading text=\u00bbContacto\u00bb font_container=\u00bbtag:h2|text_align:center\u00bb use_theme_fonts=\u00bbyes\u00bb][vc_separator color=\u00bbcustom\u00bb border_width=\u00bb2&#8243; el_width=\u00bb10&#8243; accent_color=\u00bb#b1172f\u00bb][vc_column_text css=\u00bb.vc_custom_1548500161256{margin-bottom: 0px !important;}\u00bb]\n<p style=\"text-align: center;\"><span class=\"tlid-translation translation\"><span title=\"\">\u00bfNecesita m\u00e1s informaci\u00f3n o una cotizaci\u00f3n?<\/span> <span class=\"\" title=\"\">\u00a1Cont\u00e1ctenos ahora usando el formulario de abajo!<\/span><\/span><\/p>\n[\/vc_column_text][vc_empty_space][vc_empty_space]<p><em>Form is deprecated, please contact the webmaster to <a href=\"https:\/\/wordpress.org\/support\/topic\/upgrade-your-form-message-instead-of-form-being-displayed\/\">upgrade<\/a> this form.<\/em><\/p>[\/vc_column][\/vc_row][vc_row fullwidth=\u00bbtrue\u00bb fullwidth_content=\u00bbfalse\u00bb css=\u00bb.vc_custom_1548501787554{background-color: #dbdbdb !important;}\u00bb][vc_column][vc_empty_space][vc_empty_space][vc_custom_heading text=\u00bbDonde estamos\u00bb font_container=\u00bbtag:h2|text_align:center\u00bb][vc_separator color=\u00bbcustom\u00bb border_width=\u00bb2&#8243; el_width=\u00bb10&#8243; accent_color=\u00bb#b1172f\u00bb][vc_empty_space][vc_row_inner][vc_column_inner width=\u00bb1\/2&#8243;][vc_custom_heading text=\u00bbOficina registrada\u00bb font_container=\u00bbtag:h3|text_align:center\u00bb][vc_separator color=\u00bbcustom\u00bb border_width=\u00bb2&#8243; el_width=\u00bb10&#8243; accent_color=\u00bb#b1172f\u00bb][vc_column_text css=\u00bb.vc_custom_1548501340659{margin-bottom: 0px !important;}\u00bb]\n<p style=\"text-align: center;\">Via Antonio Giuriolo, 27<br \/>\n40062 Molinella (BO)<br \/>\nTel. 0039 051 199 05599<br \/>\nFax. 0039 051 199 05600<br \/>\n<span id=\"yui_3_17_2_2_1549105513147_1704\" class=\"ya-q-full-text\">CIF<\/span> 02996371205<br \/>\ninfo@abacaitaly.it<\/p>\n[\/vc_column_text][\/vc_column_inner][vc_column_inner width=\u00bb1\/2&#8243;][vc_custom_heading text=\u00bbSitio de producci\u00f3n\u00bb font_container=\u00bbtag:h3|text_align:center\u00bb][vc_separator color=\u00bbcustom\u00bb border_width=\u00bb2&#8243; el_width=\u00bb10&#8243; accent_color=\u00bb#b1172f\u00bb][vc_column_text css=\u00bb.vc_custom_1548501423294{margin-bottom: 0px !important;}\u00bb]\n<p style=\"text-align: center;\">Via del granaio, 103<br \/>\n59016 Poggio a Caiano (PO)<br \/>\nTel. 0039 055 879 8193<br \/>\nFax. 0039 051 199 05600<br \/>\n<span id=\"yui_3_17_2_2_1549105513147_1704\" class=\"ya-q-full-text\">CIF<\/span> 02996371205<br \/>\ninfo@abacaitaly.it<\/p>\n[\/vc_column_text][\/vc_column_inner][\/vc_row_inner][vc_empty_space][\/vc_column][\/vc_row]\n","protected":false},"excerpt":{"rendered":"<p>[vc_row][vc_column][vc_empty_space][vc_empty_space][vc_custom_heading text=\u00bbContacto\u00bb font_container=\u00bbtag:h2|text_align:center\u00bb use_theme_fonts=\u00bbyes\u00bb][vc_separator color=\u00bbcustom\u00bb border_width=\u00bb2&#8243; el_width=\u00bb10&#8243; accent_color=\u00bb#b1172f\u00bb][vc_column_text css=\u00bb.vc_custom_1548500161256{margin-bottom: 0px !important;}\u00bb] \u00bfNecesita m\u00e1s informaci\u00f3n o una cotizaci\u00f3n? \u00a1Cont\u00e1ctenos ahora usando el formulario de abajo! [\/vc_column_text][vc_empty_space][vc_empty_space][\/vc_column][\/vc_row][vc_row fullwidth=\u00bbtrue\u00bb fullwidth_content=\u00bbfalse\u00bb css=\u00bb.vc_custom_1548501787554{background-color: #dbdbdb !important;}\u00bb][vc_column][vc_empty_space][vc_empty_space][vc_custom_heading text=\u00bbDonde estamos\u00bb font_container=\u00bbtag:h2|text_align:center\u00bb][vc_separator color=\u00bbcustom\u00bb border_width=\u00bb2&#8243; el_width=\u00bb10&#8243; accent_color=\u00bb#b1172f\u00bb][vc_empty_space][vc_row_inner][vc_column_inner width=\u00bb1\/2&#8243;][vc_custom_heading text=\u00bbOficina registrada\u00bb font_container=\u00bbtag:h3|text_align:center\u00bb][vc_separator color=\u00bbcustom\u00bb border_width=\u00bb2&#8243; el_width=\u00bb10&#8243; accent_color=\u00bb#b1172f\u00bb][vc_column_text css=\u00bb.vc_custom_1548501340659{margin-bottom: 0px !important;}\u00bb] Via Antonio Giuriolo, 27 40062 Molinella (BO) [&hellip;]<\/p>\n","protected":false},"author":1,"featured_media":0,"parent":0,"menu_order":0,"comment_status":"closed","ping_status":"closed","template":"","meta":{"footnotes":""},"class_list":["post-786","page","type-page","status-publish","hentry"],"yoast_head":"<!-- This site is optimized with the Yoast SEO plugin v27.3 - https:\/\/yoast.com\/product\/yoast-seo-wordpress\/ -->\n<title>Contactos - Abaca Italy<\/title>\n<meta name=\"description\" content=\"\u00bfNecesita m\u00e1s informaci\u00f3n o una cotizaci\u00f3n? \u00a1Cont\u00e1ctenos ahora usando el formulario y descubra la gama completa de nuestros productos!\" \/>\n<meta name=\"robots\" content=\"index, follow, max-snippet:-1, max-image-preview:large, max-video-preview:-1\" \/>\n<link rel=\"canonical\" href=\"https:\/\/abacaitaly.it\/es\/contactos\/\" \/>\n<meta property=\"og:locale\" content=\"es_ES\" \/>\n<meta property=\"og:type\" content=\"article\" \/>\n<meta property=\"og:title\" content=\"Contactos - Abaca Italy\" \/>\n<meta property=\"og:description\" content=\"\u00bfNecesita m\u00e1s informaci\u00f3n o una cotizaci\u00f3n? \u00a1Cont\u00e1ctenos ahora usando el formulario y descubra la gama completa de nuestros productos!\" \/>\n<meta property=\"og:url\" content=\"https:\/\/abacaitaly.it\/es\/contactos\/\" \/>\n<meta property=\"og:site_name\" content=\"Abaca Italy\" \/>\n<meta property=\"article:publisher\" content=\"https:\/\/www.facebook.com\/AbacaItalia\/\" \/>\n<meta property=\"article:modified_time\" content=\"2019-02-09T10:58:34+00:00\" \/>\n<meta name=\"twitter:card\" content=\"summary_large_image\" \/>\n<meta name=\"twitter:label1\" content=\"Tiempo de lectura\" \/>\n\t<meta name=\"twitter:data1\" content=\"1 minuto\" \/>\n<script type=\"application\/ld+json\" class=\"yoast-schema-graph\">{\"@context\":\"https:\\\/\\\/schema.org\",\"@graph\":[{\"@type\":\"WebPage\",\"@id\":\"https:\\\/\\\/abacaitaly.it\\\/es\\\/contactos\\\/\",\"url\":\"https:\\\/\\\/abacaitaly.it\\\/es\\\/contactos\\\/\",\"name\":\"Contactos - Abaca Italy\",\"isPartOf\":{\"@id\":\"https:\\\/\\\/abacaitaly.it\\\/#website\"},\"datePublished\":\"2019-02-02T11:06:26+00:00\",\"dateModified\":\"2019-02-09T10:58:34+00:00\",\"description\":\"\u00bfNecesita m\u00e1s informaci\u00f3n o una cotizaci\u00f3n? \u00a1Cont\u00e1ctenos ahora usando el formulario y descubra la gama completa de nuestros productos!\",\"breadcrumb\":{\"@id\":\"https:\\\/\\\/abacaitaly.it\\\/es\\\/contactos\\\/#breadcrumb\"},\"inLanguage\":\"es\",\"potentialAction\":[{\"@type\":\"ReadAction\",\"target\":[\"https:\\\/\\\/abacaitaly.it\\\/es\\\/contactos\\\/\"]}]},{\"@type\":\"BreadcrumbList\",\"@id\":\"https:\\\/\\\/abacaitaly.it\\\/es\\\/contactos\\\/#breadcrumb\",\"itemListElement\":[{\"@type\":\"ListItem\",\"position\":1,\"name\":\"Home\",\"item\":\"https:\\\/\\\/abacaitaly.it\\\/es\\\/\"},{\"@type\":\"ListItem\",\"position\":2,\"name\":\"Contactos\"}]},{\"@type\":\"WebSite\",\"@id\":\"https:\\\/\\\/abacaitaly.it\\\/#website\",\"url\":\"https:\\\/\\\/abacaitaly.it\\\/\",\"name\":\"Abaca Italy\",\"description\":\"Mixologist's cocktail flavour\",\"potentialAction\":[{\"@type\":\"SearchAction\",\"target\":{\"@type\":\"EntryPoint\",\"urlTemplate\":\"https:\\\/\\\/abacaitaly.it\\\/?s={search_term_string}\"},\"query-input\":{\"@type\":\"PropertyValueSpecification\",\"valueRequired\":true,\"valueName\":\"search_term_string\"}}],\"inLanguage\":\"es\"}]}<\/script>\n<!-- \/ Yoast SEO plugin. -->","yoast_head_json":{"title":"Contactos - Abaca Italy","description":"\u00bfNecesita m\u00e1s informaci\u00f3n o una cotizaci\u00f3n? \u00a1Cont\u00e1ctenos ahora usando el formulario y descubra la gama completa de nuestros productos!","robots":{"index":"index","follow":"follow","max-snippet":"max-snippet:-1","max-image-preview":"max-image-preview:large","max-video-preview":"max-video-preview:-1"},"canonical":"https:\/\/abacaitaly.it\/es\/contactos\/","og_locale":"es_ES","og_type":"article","og_title":"Contactos - Abaca Italy","og_description":"\u00bfNecesita m\u00e1s informaci\u00f3n o una cotizaci\u00f3n? \u00a1Cont\u00e1ctenos ahora usando el formulario y descubra la gama completa de nuestros productos!","og_url":"https:\/\/abacaitaly.it\/es\/contactos\/","og_site_name":"Abaca Italy","article_publisher":"https:\/\/www.facebook.com\/AbacaItalia\/","article_modified_time":"2019-02-09T10:58:34+00:00","twitter_card":"summary_large_image","twitter_misc":{"Tiempo de lectura":"1 minuto"},"schema":{"@context":"https:\/\/schema.org","@graph":[{"@type":"WebPage","@id":"https:\/\/abacaitaly.it\/es\/contactos\/","url":"https:\/\/abacaitaly.it\/es\/contactos\/","name":"Contactos - Abaca Italy","isPartOf":{"@id":"https:\/\/abacaitaly.it\/#website"},"datePublished":"2019-02-02T11:06:26+00:00","dateModified":"2019-02-09T10:58:34+00:00","description":"\u00bfNecesita m\u00e1s informaci\u00f3n o una cotizaci\u00f3n? \u00a1Cont\u00e1ctenos ahora usando el formulario y descubra la gama completa de nuestros productos!","breadcrumb":{"@id":"https:\/\/abacaitaly.it\/es\/contactos\/#breadcrumb"},"inLanguage":"es","potentialAction":[{"@type":"ReadAction","target":["https:\/\/abacaitaly.it\/es\/contactos\/"]}]},{"@type":"BreadcrumbList","@id":"https:\/\/abacaitaly.it\/es\/contactos\/#breadcrumb","itemListElement":[{"@type":"ListItem","position":1,"name":"Home","item":"https:\/\/abacaitaly.it\/es\/"},{"@type":"ListItem","position":2,"name":"Contactos"}]},{"@type":"WebSite","@id":"https:\/\/abacaitaly.it\/#website","url":"https:\/\/abacaitaly.it\/","name":"Abaca Italy","description":"Mixologist's cocktail flavour","potentialAction":[{"@type":"SearchAction","target":{"@type":"EntryPoint","urlTemplate":"https:\/\/abacaitaly.it\/?s={search_term_string}"},"query-input":{"@type":"PropertyValueSpecification","valueRequired":true,"valueName":"search_term_string"}}],"inLanguage":"es"}]}},"_links":{"self":[{"href":"https:\/\/abacaitaly.it\/es\/wp-json\/wp\/v2\/pages\/786\/"}],"collection":[{"href":"https:\/\/abacaitaly.it\/es\/wp-json\/wp\/v2\/pages\/"}],"about":[{"href":"https:\/\/abacaitaly.it\/es\/wp-json\/wp\/v2\/types\/page\/"}],"author":[{"embeddable":true,"href":"https:\/\/abacaitaly.it\/es\/wp-json\/wp\/v2\/users\/1\/"}],"replies":[{"embeddable":true,"href":"https:\/\/abacaitaly.it\/es\/wp-json\/wp\/v2\/comments\/?post=786"}],"version-history":[{"count":1,"href":"https:\/\/abacaitaly.it\/es\/wp-json\/wp\/v2\/pages\/786\/revisions\/"}],"predecessor-version":[{"id":787,"href":"https:\/\/abacaitaly.it\/es\/wp-json\/wp\/v2\/pages\/786\/revisions\/787\/"}],"wp:attachment":[{"href":"https:\/\/abacaitaly.it\/es\/wp-json\/wp\/v2\/media\/?parent=786"}],"curies":[{"name":"wp","href":"https:\/\/api.w.org\/{rel}","templated":true}]}}