{"id":795,"date":"2019-02-02T12:10:16","date_gmt":"2019-02-02T11:10:16","guid":{"rendered":"https:\/\/abacaitaly.it\/productos\/line-premium-mix-fruit\/"},"modified":"2019-02-09T12:22:36","modified_gmt":"2019-02-09T11:22:36","slug":"line-premium-mix-fruit","status":"publish","type":"page","link":"https:\/\/abacaitaly.it\/es\/productos\/line-premium-mix-fruit\/","title":{"rendered":"Line Premium Mix Fruit"},"content":{"rendered":"[vc_row][vc_column][vc_empty_space][vc_empty_space][vc_custom_heading text=\u00bbLine Premium Mix Fruit\u00bb font_container=\u00bbtag:h2|text_align:center\u00bb][vc_separator color=\u00bbcustom\u00bb border_width=\u00bb2&#8243; el_width=\u00bb10&#8243; accent_color=\u00bb#b1172f\u00bb][vc_column_text css=\u00bb.vc_custom_1549100632341{margin-bottom: 0px !important;}\u00bb]\n<p style=\"text-align: center;\">L\u00ednea de pulpa de fruta ABACA hecha con pur\u00e9 de fruta natural para una concentraci\u00f3n de fruta del 30%, aromas seleccionados y con una densidad \u00f3ptima para facilitar la mezcla con los otros ingredientes.<\/p>\n<p style=\"text-align: center;\">Aplicaci\u00f3n: C\u00f3cteles, Yogurt, Batidos, Granizado .<\/p>\n[\/vc_column_text][vc_empty_space][vc_empty_space][vc_row_inner][vc_column_inner][vc_media_grid element_width=\u00bb2&#8243; grid_id=\u00bbvc_gid:1549100580445-7e0340c9-e4e8-10&#8243; include=\u00bb131,138,194,76,177,191,125,159,209,161,133,130,185,170,164,192,172,199,171,186&#8243;][\/vc_column_inner][\/vc_row_inner][\/vc_column][\/vc_row]\n","protected":false},"excerpt":{"rendered":"<p>[vc_row][vc_column][vc_empty_space][vc_empty_space][vc_custom_heading text=\u00bbLine Premium Mix Fruit\u00bb font_container=\u00bbtag:h2|text_align:center\u00bb][vc_separator color=\u00bbcustom\u00bb border_width=\u00bb2&#8243; el_width=\u00bb10&#8243; accent_color=\u00bb#b1172f\u00bb][vc_column_text css=\u00bb.vc_custom_1549100632341{margin-bottom: 0px !important;}\u00bb] L\u00ednea de pulpa de fruta ABACA hecha con pur\u00e9 de fruta natural para una concentraci\u00f3n de fruta del 30%, aromas seleccionados y con una densidad \u00f3ptima para facilitar la mezcla con los otros ingredientes. Aplicaci\u00f3n: C\u00f3cteles, Yogurt, Batidos, Granizado . [\/vc_column_text][vc_empty_space][vc_empty_space][vc_row_inner][vc_column_inner][vc_media_grid element_width=\u00bb2&#8243; [&hellip;]<\/p>\n","protected":false},"author":1,"featured_media":0,"parent":784,"menu_order":0,"comment_status":"closed","ping_status":"closed","template":"","meta":{"footnotes":""},"class_list":["post-795","page","type-page","status-publish","hentry"],"yoast_head":"<!-- This site is optimized with the Yoast SEO plugin v27.3 - https:\/\/yoast.com\/product\/yoast-seo-wordpress\/ -->\n<title>Line Premium Mix Fruit - Abaca Italy<\/title>\n<meta name=\"description\" content=\"\u00a1Line 100% Fruit, Premium Fruit, Sour, Finest Syrup, Syrup para caf\u00e9, Topping y Granita! \u00bfYa has encontrado tu favorito? \u00a1Descubre todos los productos!\" \/>\n<meta name=\"robots\" content=\"index, follow, max-snippet:-1, max-image-preview:large, max-video-preview:-1\" \/>\n<link rel=\"canonical\" href=\"https:\/\/abacaitaly.it\/es\/productos\/line-premium-mix-fruit\/\" \/>\n<meta property=\"og:locale\" content=\"es_ES\" \/>\n<meta property=\"og:type\" content=\"article\" \/>\n<meta property=\"og:title\" content=\"Line Premium Mix Fruit - Abaca Italy\" \/>\n<meta property=\"og:description\" content=\"\u00a1Line 100% Fruit, Premium Fruit, Sour, Finest Syrup, Syrup para caf\u00e9, Topping y Granita! \u00bfYa has encontrado tu favorito? \u00a1Descubre todos los productos!\" \/>\n<meta property=\"og:url\" content=\"https:\/\/abacaitaly.it\/es\/productos\/line-premium-mix-fruit\/\" \/>\n<meta property=\"og:site_name\" content=\"Abaca Italy\" \/>\n<meta property=\"article:publisher\" content=\"https:\/\/www.facebook.com\/AbacaItalia\/\" \/>\n<meta property=\"article:modified_time\" content=\"2019-02-09T11:22:36+00:00\" \/>\n<meta name=\"twitter:card\" content=\"summary_large_image\" \/>\n<meta name=\"twitter:label1\" content=\"Tiempo de lectura\" \/>\n\t<meta name=\"twitter:data1\" content=\"1 minuto\" \/>\n<script type=\"application\/ld+json\" class=\"yoast-schema-graph\">{\"@context\":\"https:\\\/\\\/schema.org\",\"@graph\":[{\"@type\":\"WebPage\",\"@id\":\"https:\\\/\\\/abacaitaly.it\\\/es\\\/productos\\\/line-premium-mix-fruit\\\/\",\"url\":\"https:\\\/\\\/abacaitaly.it\\\/es\\\/productos\\\/line-premium-mix-fruit\\\/\",\"name\":\"Line Premium Mix Fruit - Abaca Italy\",\"isPartOf\":{\"@id\":\"https:\\\/\\\/abacaitaly.it\\\/#website\"},\"datePublished\":\"2019-02-02T11:10:16+00:00\",\"dateModified\":\"2019-02-09T11:22:36+00:00\",\"description\":\"\u00a1Line 100% Fruit, Premium Fruit, Sour, Finest Syrup, Syrup para caf\u00e9, Topping y Granita! \u00bfYa has encontrado tu favorito? \u00a1Descubre todos los productos!\",\"breadcrumb\":{\"@id\":\"https:\\\/\\\/abacaitaly.it\\\/es\\\/productos\\\/line-premium-mix-fruit\\\/#breadcrumb\"},\"inLanguage\":\"es\",\"potentialAction\":[{\"@type\":\"ReadAction\",\"target\":[\"https:\\\/\\\/abacaitaly.it\\\/es\\\/productos\\\/line-premium-mix-fruit\\\/\"]}]},{\"@type\":\"BreadcrumbList\",\"@id\":\"https:\\\/\\\/abacaitaly.it\\\/es\\\/productos\\\/line-premium-mix-fruit\\\/#breadcrumb\",\"itemListElement\":[{\"@type\":\"ListItem\",\"position\":1,\"name\":\"Home\",\"item\":\"https:\\\/\\\/abacaitaly.it\\\/es\\\/\"},{\"@type\":\"ListItem\",\"position\":2,\"name\":\"Productos\",\"item\":\"https:\\\/\\\/abacaitaly.it\\\/es\\\/productos\\\/\"},{\"@type\":\"ListItem\",\"position\":3,\"name\":\"Line Premium Mix Fruit\"}]},{\"@type\":\"WebSite\",\"@id\":\"https:\\\/\\\/abacaitaly.it\\\/#website\",\"url\":\"https:\\\/\\\/abacaitaly.it\\\/\",\"name\":\"Abaca Italy\",\"description\":\"Mixologist's cocktail flavour\",\"potentialAction\":[{\"@type\":\"SearchAction\",\"target\":{\"@type\":\"EntryPoint\",\"urlTemplate\":\"https:\\\/\\\/abacaitaly.it\\\/?s={search_term_string}\"},\"query-input\":{\"@type\":\"PropertyValueSpecification\",\"valueRequired\":true,\"valueName\":\"search_term_string\"}}],\"inLanguage\":\"es\"}]}<\/script>\n<!-- \/ Yoast SEO plugin. -->","yoast_head_json":{"title":"Line Premium Mix Fruit - Abaca Italy","description":"\u00a1Line 100% Fruit, Premium Fruit, Sour, Finest Syrup, Syrup para caf\u00e9, Topping y Granita! \u00bfYa has encontrado tu favorito? \u00a1Descubre todos los productos!","robots":{"index":"index","follow":"follow","max-snippet":"max-snippet:-1","max-image-preview":"max-image-preview:large","max-video-preview":"max-video-preview:-1"},"canonical":"https:\/\/abacaitaly.it\/es\/productos\/line-premium-mix-fruit\/","og_locale":"es_ES","og_type":"article","og_title":"Line Premium Mix Fruit - Abaca Italy","og_description":"\u00a1Line 100% Fruit, Premium Fruit, Sour, Finest Syrup, Syrup para caf\u00e9, Topping y Granita! \u00bfYa has encontrado tu favorito? \u00a1Descubre todos los productos!","og_url":"https:\/\/abacaitaly.it\/es\/productos\/line-premium-mix-fruit\/","og_site_name":"Abaca Italy","article_publisher":"https:\/\/www.facebook.com\/AbacaItalia\/","article_modified_time":"2019-02-09T11:22:36+00:00","twitter_card":"summary_large_image","twitter_misc":{"Tiempo de lectura":"1 minuto"},"schema":{"@context":"https:\/\/schema.org","@graph":[{"@type":"WebPage","@id":"https:\/\/abacaitaly.it\/es\/productos\/line-premium-mix-fruit\/","url":"https:\/\/abacaitaly.it\/es\/productos\/line-premium-mix-fruit\/","name":"Line Premium Mix Fruit - Abaca Italy","isPartOf":{"@id":"https:\/\/abacaitaly.it\/#website"},"datePublished":"2019-02-02T11:10:16+00:00","dateModified":"2019-02-09T11:22:36+00:00","description":"\u00a1Line 100% Fruit, Premium Fruit, Sour, Finest Syrup, Syrup para caf\u00e9, Topping y Granita! \u00bfYa has encontrado tu favorito? \u00a1Descubre todos los productos!","breadcrumb":{"@id":"https:\/\/abacaitaly.it\/es\/productos\/line-premium-mix-fruit\/#breadcrumb"},"inLanguage":"es","potentialAction":[{"@type":"ReadAction","target":["https:\/\/abacaitaly.it\/es\/productos\/line-premium-mix-fruit\/"]}]},{"@type":"BreadcrumbList","@id":"https:\/\/abacaitaly.it\/es\/productos\/line-premium-mix-fruit\/#breadcrumb","itemListElement":[{"@type":"ListItem","position":1,"name":"Home","item":"https:\/\/abacaitaly.it\/es\/"},{"@type":"ListItem","position":2,"name":"Productos","item":"https:\/\/abacaitaly.it\/es\/productos\/"},{"@type":"ListItem","position":3,"name":"Line Premium Mix Fruit"}]},{"@type":"WebSite","@id":"https:\/\/abacaitaly.it\/#website","url":"https:\/\/abacaitaly.it\/","name":"Abaca Italy","description":"Mixologist's cocktail flavour","potentialAction":[{"@type":"SearchAction","target":{"@type":"EntryPoint","urlTemplate":"https:\/\/abacaitaly.it\/?s={search_term_string}"},"query-input":{"@type":"PropertyValueSpecification","valueRequired":true,"valueName":"search_term_string"}}],"inLanguage":"es"}]}},"_links":{"self":[{"href":"https:\/\/abacaitaly.it\/es\/wp-json\/wp\/v2\/pages\/795\/"}],"collection":[{"href":"https:\/\/abacaitaly.it\/es\/wp-json\/wp\/v2\/pages\/"}],"about":[{"href":"https:\/\/abacaitaly.it\/es\/wp-json\/wp\/v2\/types\/page\/"}],"author":[{"embeddable":true,"href":"https:\/\/abacaitaly.it\/es\/wp-json\/wp\/v2\/users\/1\/"}],"replies":[{"embeddable":true,"href":"https:\/\/abacaitaly.it\/es\/wp-json\/wp\/v2\/comments\/?post=795"}],"version-history":[{"count":2,"href":"https:\/\/abacaitaly.it\/es\/wp-json\/wp\/v2\/pages\/795\/revisions\/"}],"predecessor-version":[{"id":874,"href":"https:\/\/abacaitaly.it\/es\/wp-json\/wp\/v2\/pages\/795\/revisions\/874\/"}],"up":[{"embeddable":true,"href":"https:\/\/abacaitaly.it\/es\/wp-json\/wp\/v2\/pages\/784\/"}],"wp:attachment":[{"href":"https:\/\/abacaitaly.it\/es\/wp-json\/wp\/v2\/media\/?parent=795"}],"curies":[{"name":"wp","href":"https:\/\/api.w.org\/{rel}","templated":true}]}}