{"id":800,"date":"2019-02-02T12:13:49","date_gmt":"2019-02-02T11:13:49","guid":{"rendered":"https:\/\/abacaitaly.it\/productos\/line-syrup-for-coffee\/"},"modified":"2019-02-09T12:21:27","modified_gmt":"2019-02-09T11:21:27","slug":"line-syrup-for-coffee","status":"publish","type":"page","link":"https:\/\/abacaitaly.it\/es\/productos\/line-syrup-for-coffee\/","title":{"rendered":"Line Syrup for Coffee"},"content":{"rendered":"[vc_row][vc_column][vc_empty_space][vc_empty_space][vc_custom_heading text=\u00bbLine Syrup for Coffee\u00bb font_container=\u00bbtag:h2|text_align:center\u00bb][vc_separator color=\u00bbcustom\u00bb border_width=\u00bb2&#8243; el_width=\u00bb10&#8243; accent_color=\u00bb#b1172f\u00bb][vc_column_text css=\u00bb.vc_custom_1549101742771{margin-bottom: 0px !important;}\u00bb]\n<p style=\"text-align: center;\">La l\u00ednea ABACA Syrup for Coffee es el socio ideal para los profesionales de la cafeter\u00eda y la mezcla que desean impresionar a sus clientes con creaciones especiales de caf\u00e9, leche, chocolate, t\u00e9s con sabor con toda la autenticidad de aromas y extractos naturales combinados con equilibrio. Con az\u00facar de ca\u00f1a colombiana pura marr\u00f3n.<\/p>\n<p style=\"text-align: center;\">Aplicaci\u00f3n: C\u00f3cteles, Caf\u00e9, Leche, Chocolate, T\u00e9.<\/p>\n[\/vc_column_text][vc_empty_space][vc_empty_space][vc_row_inner][vc_column_inner][vc_media_grid grid_id=\u00bbvc_gid:1549101265205-9f5499c1-eb01-10&#8243; include=\u00bb142,123,148,136,155,168,217,218,219&#8243;][\/vc_column_inner][\/vc_row_inner][\/vc_column][\/vc_row]\n","protected":false},"excerpt":{"rendered":"<p>[vc_row][vc_column][vc_empty_space][vc_empty_space][vc_custom_heading text=\u00bbLine Syrup for Coffee\u00bb font_container=\u00bbtag:h2|text_align:center\u00bb][vc_separator color=\u00bbcustom\u00bb border_width=\u00bb2&#8243; el_width=\u00bb10&#8243; accent_color=\u00bb#b1172f\u00bb][vc_column_text css=\u00bb.vc_custom_1549101742771{margin-bottom: 0px !important;}\u00bb] La l\u00ednea ABACA Syrup for Coffee es el socio ideal para los profesionales de la cafeter\u00eda y la mezcla que desean impresionar a sus clientes con creaciones especiales de caf\u00e9, leche, chocolate, t\u00e9s con sabor con toda la autenticidad de aromas y [&hellip;]<\/p>\n","protected":false},"author":1,"featured_media":0,"parent":784,"menu_order":0,"comment_status":"closed","ping_status":"closed","template":"","meta":{"footnotes":""},"class_list":["post-800","page","type-page","status-publish","hentry"],"yoast_head":"<!-- This site is optimized with the Yoast SEO plugin v27.3 - https:\/\/yoast.com\/product\/yoast-seo-wordpress\/ -->\n<title>Line Syrup for Coffee - Abaca Italy<\/title>\n<meta name=\"description\" content=\"\u00a1Line 100% Fruit, Premium Fruit, Sour, Finest Syrup, Syrup para caf\u00e9, Topping y Granita! \u00bfYa has encontrado tu favorito? \u00a1Descubre todos los productos!\" \/>\n<meta name=\"robots\" content=\"index, follow, max-snippet:-1, max-image-preview:large, max-video-preview:-1\" \/>\n<link rel=\"canonical\" href=\"https:\/\/abacaitaly.it\/es\/productos\/line-syrup-for-coffee\/\" \/>\n<meta property=\"og:locale\" content=\"es_ES\" \/>\n<meta property=\"og:type\" content=\"article\" \/>\n<meta property=\"og:title\" content=\"Line Syrup for Coffee - Abaca Italy\" \/>\n<meta property=\"og:description\" content=\"\u00a1Line 100% Fruit, Premium Fruit, Sour, Finest Syrup, Syrup para caf\u00e9, Topping y Granita! \u00bfYa has encontrado tu favorito? \u00a1Descubre todos los productos!\" \/>\n<meta property=\"og:url\" content=\"https:\/\/abacaitaly.it\/es\/productos\/line-syrup-for-coffee\/\" \/>\n<meta property=\"og:site_name\" content=\"Abaca Italy\" \/>\n<meta property=\"article:publisher\" content=\"https:\/\/www.facebook.com\/AbacaItalia\/\" \/>\n<meta property=\"article:modified_time\" content=\"2019-02-09T11:21:27+00:00\" \/>\n<meta name=\"twitter:card\" content=\"summary_large_image\" \/>\n<meta name=\"twitter:label1\" content=\"Tiempo de lectura\" \/>\n\t<meta name=\"twitter:data1\" content=\"1 minuto\" \/>\n<script type=\"application\/ld+json\" class=\"yoast-schema-graph\">{\"@context\":\"https:\\\/\\\/schema.org\",\"@graph\":[{\"@type\":\"WebPage\",\"@id\":\"https:\\\/\\\/abacaitaly.it\\\/es\\\/productos\\\/line-syrup-for-coffee\\\/\",\"url\":\"https:\\\/\\\/abacaitaly.it\\\/es\\\/productos\\\/line-syrup-for-coffee\\\/\",\"name\":\"Line Syrup for Coffee - Abaca Italy\",\"isPartOf\":{\"@id\":\"https:\\\/\\\/abacaitaly.it\\\/#website\"},\"datePublished\":\"2019-02-02T11:13:49+00:00\",\"dateModified\":\"2019-02-09T11:21:27+00:00\",\"description\":\"\u00a1Line 100% Fruit, Premium Fruit, Sour, Finest Syrup, Syrup para caf\u00e9, Topping y Granita! \u00bfYa has encontrado tu favorito? \u00a1Descubre todos los productos!\",\"breadcrumb\":{\"@id\":\"https:\\\/\\\/abacaitaly.it\\\/es\\\/productos\\\/line-syrup-for-coffee\\\/#breadcrumb\"},\"inLanguage\":\"es\",\"potentialAction\":[{\"@type\":\"ReadAction\",\"target\":[\"https:\\\/\\\/abacaitaly.it\\\/es\\\/productos\\\/line-syrup-for-coffee\\\/\"]}]},{\"@type\":\"BreadcrumbList\",\"@id\":\"https:\\\/\\\/abacaitaly.it\\\/es\\\/productos\\\/line-syrup-for-coffee\\\/#breadcrumb\",\"itemListElement\":[{\"@type\":\"ListItem\",\"position\":1,\"name\":\"Home\",\"item\":\"https:\\\/\\\/abacaitaly.it\\\/es\\\/\"},{\"@type\":\"ListItem\",\"position\":2,\"name\":\"Productos\",\"item\":\"https:\\\/\\\/abacaitaly.it\\\/es\\\/productos\\\/\"},{\"@type\":\"ListItem\",\"position\":3,\"name\":\"Line Syrup for Coffee\"}]},{\"@type\":\"WebSite\",\"@id\":\"https:\\\/\\\/abacaitaly.it\\\/#website\",\"url\":\"https:\\\/\\\/abacaitaly.it\\\/\",\"name\":\"Abaca Italy\",\"description\":\"Mixologist's cocktail flavour\",\"potentialAction\":[{\"@type\":\"SearchAction\",\"target\":{\"@type\":\"EntryPoint\",\"urlTemplate\":\"https:\\\/\\\/abacaitaly.it\\\/?s={search_term_string}\"},\"query-input\":{\"@type\":\"PropertyValueSpecification\",\"valueRequired\":true,\"valueName\":\"search_term_string\"}}],\"inLanguage\":\"es\"}]}<\/script>\n<!-- \/ Yoast SEO plugin. -->","yoast_head_json":{"title":"Line Syrup for Coffee - Abaca Italy","description":"\u00a1Line 100% Fruit, Premium Fruit, Sour, Finest Syrup, Syrup para caf\u00e9, Topping y Granita! \u00bfYa has encontrado tu favorito? \u00a1Descubre todos los productos!","robots":{"index":"index","follow":"follow","max-snippet":"max-snippet:-1","max-image-preview":"max-image-preview:large","max-video-preview":"max-video-preview:-1"},"canonical":"https:\/\/abacaitaly.it\/es\/productos\/line-syrup-for-coffee\/","og_locale":"es_ES","og_type":"article","og_title":"Line Syrup for Coffee - Abaca Italy","og_description":"\u00a1Line 100% Fruit, Premium Fruit, Sour, Finest Syrup, Syrup para caf\u00e9, Topping y Granita! \u00bfYa has encontrado tu favorito? \u00a1Descubre todos los productos!","og_url":"https:\/\/abacaitaly.it\/es\/productos\/line-syrup-for-coffee\/","og_site_name":"Abaca Italy","article_publisher":"https:\/\/www.facebook.com\/AbacaItalia\/","article_modified_time":"2019-02-09T11:21:27+00:00","twitter_card":"summary_large_image","twitter_misc":{"Tiempo de lectura":"1 minuto"},"schema":{"@context":"https:\/\/schema.org","@graph":[{"@type":"WebPage","@id":"https:\/\/abacaitaly.it\/es\/productos\/line-syrup-for-coffee\/","url":"https:\/\/abacaitaly.it\/es\/productos\/line-syrup-for-coffee\/","name":"Line Syrup for Coffee - Abaca Italy","isPartOf":{"@id":"https:\/\/abacaitaly.it\/#website"},"datePublished":"2019-02-02T11:13:49+00:00","dateModified":"2019-02-09T11:21:27+00:00","description":"\u00a1Line 100% Fruit, Premium Fruit, Sour, Finest Syrup, Syrup para caf\u00e9, Topping y Granita! \u00bfYa has encontrado tu favorito? \u00a1Descubre todos los productos!","breadcrumb":{"@id":"https:\/\/abacaitaly.it\/es\/productos\/line-syrup-for-coffee\/#breadcrumb"},"inLanguage":"es","potentialAction":[{"@type":"ReadAction","target":["https:\/\/abacaitaly.it\/es\/productos\/line-syrup-for-coffee\/"]}]},{"@type":"BreadcrumbList","@id":"https:\/\/abacaitaly.it\/es\/productos\/line-syrup-for-coffee\/#breadcrumb","itemListElement":[{"@type":"ListItem","position":1,"name":"Home","item":"https:\/\/abacaitaly.it\/es\/"},{"@type":"ListItem","position":2,"name":"Productos","item":"https:\/\/abacaitaly.it\/es\/productos\/"},{"@type":"ListItem","position":3,"name":"Line Syrup for Coffee"}]},{"@type":"WebSite","@id":"https:\/\/abacaitaly.it\/#website","url":"https:\/\/abacaitaly.it\/","name":"Abaca Italy","description":"Mixologist's cocktail flavour","potentialAction":[{"@type":"SearchAction","target":{"@type":"EntryPoint","urlTemplate":"https:\/\/abacaitaly.it\/?s={search_term_string}"},"query-input":{"@type":"PropertyValueSpecification","valueRequired":true,"valueName":"search_term_string"}}],"inLanguage":"es"}]}},"_links":{"self":[{"href":"https:\/\/abacaitaly.it\/es\/wp-json\/wp\/v2\/pages\/800\/"}],"collection":[{"href":"https:\/\/abacaitaly.it\/es\/wp-json\/wp\/v2\/pages\/"}],"about":[{"href":"https:\/\/abacaitaly.it\/es\/wp-json\/wp\/v2\/types\/page\/"}],"author":[{"embeddable":true,"href":"https:\/\/abacaitaly.it\/es\/wp-json\/wp\/v2\/users\/1\/"}],"replies":[{"embeddable":true,"href":"https:\/\/abacaitaly.it\/es\/wp-json\/wp\/v2\/comments\/?post=800"}],"version-history":[{"count":2,"href":"https:\/\/abacaitaly.it\/es\/wp-json\/wp\/v2\/pages\/800\/revisions\/"}],"predecessor-version":[{"id":872,"href":"https:\/\/abacaitaly.it\/es\/wp-json\/wp\/v2\/pages\/800\/revisions\/872\/"}],"up":[{"embeddable":true,"href":"https:\/\/abacaitaly.it\/es\/wp-json\/wp\/v2\/pages\/784\/"}],"wp:attachment":[{"href":"https:\/\/abacaitaly.it\/es\/wp-json\/wp\/v2\/media\/?parent=800"}],"curies":[{"name":"wp","href":"https:\/\/api.w.org\/{rel}","templated":true}]}}